{"id":29,"date":"2026-02-26T09:52:45","date_gmt":"2026-02-26T09:52:45","guid":{"rendered":"https:\/\/ev-fireblanket.com\/?page_id=29"},"modified":"2026-02-27T14:47:36","modified_gmt":"2026-02-27T14:47:36","slug":"arac-yangin-battaniyesi","status":"publish","type":"page","link":"https:\/\/ev-fireblanket.com\/en\/arac-yangin-battaniyesi\/","title":{"rendered":"CAR FIRE BLANKET"},"content":{"rendered":"<div data-elementor-type=\"wp-page\" data-elementor-id=\"29\" class=\"elementor elementor-29\">\n\t\t\t\t<div class=\"elementor-element elementor-element-a0ba3da e-con-full e-flex e-con e-parent\" data-id=\"a0ba3da\" data-element_type=\"container\" data-e-type=\"container\">\n\t\t\t\t<div class=\"elementor-element elementor-element-1ce2ad7 elementor-widget elementor-widget-html\" data-id=\"1ce2ad7\" data-element_type=\"widget\" data-e-type=\"widget\" data-widget_type=\"html.default\">\n\t\t\t\t\t<style>\n  \/* Genel Yaz\u0131 Tipi ve Renk Ayarlar\u0131 *\/\n  .izoval-product-page {\n    font-family: 'Segoe UI', Roboto, Helvetica, Arial, sans-serif;\n    color: #333;\n    line-height: 1.6;\n  }\n  \n  \/* 1. B\u00f6l\u00fcm: \u00dcr\u00fcn Vitrini (Hero) *\/\n  .izoval-hero {\n    display: flex;\n    flex-wrap: wrap;\n    gap: 40px;\n    align-items: center;\n    margin-bottom: 60px;\n    padding: 50px 30px;\n    background-color: #f8f9fa;\n    border-radius: 12px;\n  }\n  .izoval-hero-img {\n    flex: 1 1 400px;\n    text-align: center;\n  }\n  .izoval-hero-img img {\n    max-width: 100%;\n    border-radius: 8px;\n    box-shadow: 0 10px 25px rgba(0,0,0,0.1);\n  }\n  .izoval-hero-text {\n    flex: 1 1 400px;\n  }\n  .izoval-hero-text h1 {\n    color: #1a2b4c; \/* Kurumsal Lacivert *\/\n    font-size: 34px;\n    margin-bottom: 20px;\n    font-weight: 800;\n  }\n  .izoval-hero-text p {\n    font-size: 17px;\n    color: #555;\n    margin-bottom: 30px;\n  }\n  .izoval-btn {\n    display: inline-block;\n    background-color: #e30613; \/* \u0130zoval K\u0131rm\u0131z\u0131s\u0131 *\/\n    color: #ffffff;\n    padding: 15px 30px;\n    text-decoration: none;\n    border-radius: 6px;\n    font-weight: bold;\n    font-size: 16px;\n    transition: background 0.3s ease;\n  }\n  .izoval-btn:hover {\n    background-color: #b3000b;\n    color: #ffffff;\n  }\n\n  \/* 2. B\u00f6l\u00fcm: Teknik \u00d6zellikler Izgaras\u0131 *\/\n  .izoval-features {\n    display: grid;\n    grid-template-columns: repeat(auto-fit, minmax(240px, 1fr));\n    gap: 25px;\n    margin-bottom: 60px;\n  }\n  .izoval-feature-box {\n    background: #ffffff;\n    border: 1px solid #eaeaea;\n    padding: 30px 20px;\n    text-align: center;\n    border-radius: 10px;\n    box-shadow: 0 4px 15px rgba(0,0,0,0.04);\n    transition: transform 0.3s ease;\n  }\n  .izoval-feature-box:hover {\n    transform: translateY(-8px);\n    border-color: #1a2b4c;\n  }\n  .izoval-feature-icon {\n    font-size: 45px;\n    margin-bottom: 15px;\n  }\n  .izoval-feature-box h3 {\n    color: #1a2b4c;\n    font-size: 19px;\n    margin-bottom: 12px;\n    font-weight: 700;\n  }\n  .izoval-feature-box p {\n    font-size: 15px;\n    color: #666;\n    margin: 0;\n  }\n\n  \/* 3. B\u00f6l\u00fcm: Kullan\u0131m Alanlar\u0131 *\/\n  .izoval-use-cases {\n    background-color: #1a2b4c; \/* Kurumsal Lacivert Arka Plan *\/\n    color: #ffffff;\n    padding: 50px 30px;\n    border-radius: 12px;\n    text-align: center;\n  }\n  .izoval-use-cases h2 {\n    margin-bottom: 30px;\n    font-size: 28px;\n    font-weight: 700;\n  }\n  .izoval-use-list {\n    list-style: none;\n    padding: 0;\n    margin: 0;\n    display: flex;\n    flex-wrap: wrap;\n    justify-content: center;\n    gap: 15px;\n  }\n  .izoval-use-list li {\n    background: rgba(255,255,255,0.1);\n    padding: 12px 25px;\n    border-radius: 30px;\n    font-size: 16px;\n    border: 1px solid rgba(255,255,255,0.2);\n  }\n<\/style>\n\n<div class=\"izoval-product-page\">\n  \n  <div class=\"izoval-hero\">\n    <div class=\"izoval-hero-img\">\n      <a href=\"https:\/\/hizliresim.com\/cuu8sv2\"><img decoding=\"async\" src=\"https:\/\/i.hizliresim.com\/cuu8sv2.jpeg\" alt=\"ff\"><\/a>\n    <\/div>\n    <div class=\"izoval-hero-text\">\n      <h1>Vehicle CAR Fire Blanket<\/h1>\n      <p>These professional, high-heat resistant fire containment blankets contain lithium-ion battery fires in seconds, preventing flames from spreading and toxic gas release. They help partially control EV fires where traditional extinguishing methods are insufficient, and buy time until professional intervention is possible.<\/p>\n      <a href=\"https:\/\/yanmazci.com.tr\/urunlerimiz\/aracyanginbattaniyesi\" class=\"izoval-btn\">BUY ONLINE<\/a>\n    <\/div>\n  <\/div>\n\n  <div class=\"izoval-features\">\n    <div class=\"izoval-feature-box\">\n      <div class=\"izoval-feature-icon\">\ud83c\udf21\ufe0f<\/div>\n      <h3> High Heat Resistance<\/h3>\n      <p>Its specially coated fiberglass fabric traps instantaneous high heat, preventing melting and smothering the flame.<\/p>\n    <\/div>\n    <div class=\"izoval-feature-box\">\n      <div class=\"izoval-feature-icon\">\ud83d\udee1\ufe0f<\/div>\n      <h3>Toxic Gas Insulation<\/h3>\n      <p>It stops the spread of toxic and suffocating gases released during battery fires into enclosed spaces.<\/p>\n    <\/div>\n    <div class=\"izoval-feature-box\">\n      <div class=\"izoval-feature-icon\">\ud83d\udca7<\/div>\n      <h3>Intervention Before Water<\/h3>\n      <p> It works on the principle of smothering the fire before it spreads, and the fire department uses water to cool it down.<\/p>\n    <\/div>\n    <div class=\"izoval-feature-box\">\n      <div class=\"izoval-feature-icon\">\u23f1\ufe0f<\/div>\n      <h3>Setup in seconds.<\/h3>\n      <p>Thanks to its special carrying case, it can be quickly placed over the burning vehicle by two people in a moment of panic.<\/p>\n    <\/div>\n  <\/div>\n\n  <div class=\"izoval-use-cases\">\n    <h2>Zorunlu ve \u0130deal Kullan\u0131m Alanlar\u0131<\/h2>\n    <ul class=\"izoval-use-list\">\n      <li>\ud83d\ude97 Kapal\u0131 Otoparklar ve AVM'ler<\/li>\n      <li>\u26a1 EV \u015earj \u0130stasyonlar\u0131<\/li>\n      <li>\ud83d\udea2 Arabal\u0131 Vapurlar ve Ro-Ro Gemileri<\/li>\n      <li>\ud83d\udd27 Oto Galeri ve \u00d6zel Servisler<\/li>\n      <li>\ud83c\udfed Otomotiv \u00dcretim<\/li>\n    <\/ul>\n  <\/div>\n\n<\/div>\t\t\t\t<\/div>\n\t\t\t\t<\/div>\n\t\t<div class=\"elementor-element elementor-element-a6f5fdf e-flex e-con-boxed e-con e-parent\" data-id=\"a6f5fdf\" data-element_type=\"container\" data-e-type=\"container\">\n\t\t\t\t\t<div class=\"e-con-inner\">\n\t\t<div class=\"elementor-element elementor-element-d0543e9 e-con-full e-flex e-con e-child\" data-id=\"d0543e9\" data-element_type=\"container\" data-e-type=\"container\">\n\t\t<div class=\"elementor-element elementor-element-723fa3a e-con-full e-flex e-con e-child\" data-id=\"723fa3a\" data-element_type=\"container\" data-e-type=\"container\" data-settings=\"{&quot;background_background&quot;:&quot;classic&quot;}\">\n\t\t<div class=\"elementor-element elementor-element-dd97797 e-con-full e-flex e-con e-child\" data-id=\"dd97797\" data-element_type=\"container\" data-e-type=\"container\">\n\t\t\t\t<div class=\"elementor-element elementor-element-cb3c851 elementor-widget elementor-widget-heading\" data-id=\"cb3c851\" data-element_type=\"widget\" data-e-type=\"widget\" data-widget_type=\"heading.default\">\n\t\t\t\t\t<h2 class=\"elementor-heading-title elementor-size-default\">Fast Menu<\/h2>\t\t\t\t<\/div>\n\t\t\t\t<div class=\"elementor-element elementor-element-b4c180a elementor-icon-list--layout-traditional elementor-list-item-link-full_width elementor-widget elementor-widget-icon-list\" data-id=\"b4c180a\" data-element_type=\"widget\" data-e-type=\"widget\" data-widget_type=\"icon-list.default\">\n\t\t\t\t\t\t\t<ul class=\"elementor-icon-list-items\">\n\t\t\t\t\t\t\t<li class=\"elementor-icon-list-item\">\n\t\t\t\t\t\t\t\t\t\t\t<a href=\"https:\/\/ev-fireblanket.com\/en\/\">\n\n\t\t\t\t\t\t\t\t\t\t\t\t<span class=\"elementor-icon-list-icon\">\n\t\t\t\t\t\t\t<svg aria-hidden=\"true\" class=\"e-font-icon-svg e-far-arrow-alt-circle-right\" viewbox=\"0 0 512 512\" xmlns=\"http:\/\/www.w3.org\/2000\/svg\"><path d=\"M504 256C504 119 393 8 256 8S8 119 8 256s111 248 248 248 248-111 248-248zm-448 0c0-110.5 89.5-200 200-200s200 89.5 200 200-89.5 200-200 200S56 366.5 56 256zm72 20v-40c0-6.6 5.4-12 12-12h116v-67c0-10.7 12.9-16 20.5-8.5l99 99c4.7 4.7 4.7 12.3 0 17l-99 99c-7.6 7.6-20.5 2.2-20.5-8.5v-67H140c-6.6 0-12-5.4-12-12z\"><\/path><\/svg>\t\t\t\t\t\t<\/span>\n\t\t\t\t\t\t\t\t\t\t<span class=\"elementor-icon-list-text\">Home<\/span>\n\t\t\t\t\t\t\t\t\t\t\t<\/a>\n\t\t\t\t\t\t\t\t\t<\/li>\n\t\t\t\t\t\t\t\t<li class=\"elementor-icon-list-item\">\n\t\t\t\t\t\t\t\t\t\t\t<a href=\"https:\/\/ev-fireblanket.com\/en\/?page_id=11\">\n\n\t\t\t\t\t\t\t\t\t\t\t\t<span class=\"elementor-icon-list-icon\">\n\t\t\t\t\t\t\t<svg aria-hidden=\"true\" class=\"e-font-icon-svg e-far-arrow-alt-circle-right\" viewbox=\"0 0 512 512\" xmlns=\"http:\/\/www.w3.org\/2000\/svg\"><path d=\"M504 256C504 119 393 8 256 8S8 119 8 256s111 248 248 248 248-111 248-248zm-448 0c0-110.5 89.5-200 200-200s200 89.5 200 200-89.5 200-200 200S56 366.5 56 256zm72 20v-40c0-6.6 5.4-12 12-12h116v-67c0-10.7 12.9-16 20.5-8.5l99 99c4.7 4.7 4.7 12.3 0 17l-99 99c-7.6 7.6-20.5 2.2-20.5-8.5v-67H140c-6.6 0-12-5.4-12-12z\"><\/path><\/svg>\t\t\t\t\t\t<\/span>\n\t\t\t\t\t\t\t\t\t\t<span class=\"elementor-icon-list-text\">About Us<\/span>\n\t\t\t\t\t\t\t\t\t\t\t<\/a>\n\t\t\t\t\t\t\t\t\t<\/li>\n\t\t\t\t\t\t\t\t<li class=\"elementor-icon-list-item\">\n\t\t\t\t\t\t\t\t\t\t\t<a href=\"https:\/\/ev-fireblanket.com\/en\/?page_id=13\">\n\n\t\t\t\t\t\t\t\t\t\t\t\t<span class=\"elementor-icon-list-icon\">\n\t\t\t\t\t\t\t<svg aria-hidden=\"true\" class=\"e-font-icon-svg e-far-arrow-alt-circle-right\" viewbox=\"0 0 512 512\" xmlns=\"http:\/\/www.w3.org\/2000\/svg\"><path d=\"M504 256C504 119 393 8 256 8S8 119 8 256s111 248 248 248 248-111 248-248zm-448 0c0-110.5 89.5-200 200-200s200 89.5 200 200-89.5 200-200 200S56 366.5 56 256zm72 20v-40c0-6.6 5.4-12 12-12h116v-67c0-10.7 12.9-16 20.5-8.5l99 99c4.7 4.7 4.7 12.3 0 17l-99 99c-7.6 7.6-20.5 2.2-20.5-8.5v-67H140c-6.6 0-12-5.4-12-12z\"><\/path><\/svg>\t\t\t\t\t\t<\/span>\n\t\t\t\t\t\t\t\t\t\t<span class=\"elementor-icon-list-text\">Our Products<\/span>\n\t\t\t\t\t\t\t\t\t\t\t<\/a>\n\t\t\t\t\t\t\t\t\t<\/li>\n\t\t\t\t\t\t\t\t<li class=\"elementor-icon-list-item\">\n\t\t\t\t\t\t\t\t\t\t\t<a href=\"https:\/\/ev-fireblanket.com\/en\/?page_id=15\">\n\n\t\t\t\t\t\t\t\t\t\t\t\t<span class=\"elementor-icon-list-icon\">\n\t\t\t\t\t\t\t<svg aria-hidden=\"true\" class=\"e-font-icon-svg e-far-arrow-alt-circle-right\" viewbox=\"0 0 512 512\" xmlns=\"http:\/\/www.w3.org\/2000\/svg\"><path d=\"M504 256C504 119 393 8 256 8S8 119 8 256s111 248 248 248 248-111 248-248zm-448 0c0-110.5 89.5-200 200-200s200 89.5 200 200-89.5 200-200 200S56 366.5 56 256zm72 20v-40c0-6.6 5.4-12 12-12h116v-67c0-10.7 12.9-16 20.5-8.5l99 99c4.7 4.7 4.7 12.3 0 17l-99 99c-7.6 7.6-20.5 2.2-20.5-8.5v-67H140c-6.6 0-12-5.4-12-12z\"><\/path><\/svg>\t\t\t\t\t\t<\/span>\n\t\t\t\t\t\t\t\t\t\t<span class=\"elementor-icon-list-text\">Document<\/span>\n\t\t\t\t\t\t\t\t\t\t\t<\/a>\n\t\t\t\t\t\t\t\t\t<\/li>\n\t\t\t\t\t\t\t\t<li class=\"elementor-icon-list-item\">\n\t\t\t\t\t\t\t\t\t\t\t<a href=\"https:\/\/ev-fireblanket.com\/en\/?page_id=17\">\n\n\t\t\t\t\t\t\t\t\t\t\t\t<span class=\"elementor-icon-list-icon\">\n\t\t\t\t\t\t\t<svg aria-hidden=\"true\" class=\"e-font-icon-svg e-far-arrow-alt-circle-right\" viewbox=\"0 0 512 512\" xmlns=\"http:\/\/www.w3.org\/2000\/svg\"><path d=\"M504 256C504 119 393 8 256 8S8 119 8 256s111 248 248 248 248-111 248-248zm-448 0c0-110.5 89.5-200 200-200s200 89.5 200 200-89.5 200-200 200S56 366.5 56 256zm72 20v-40c0-6.6 5.4-12 12-12h116v-67c0-10.7 12.9-16 20.5-8.5l99 99c4.7 4.7 4.7 12.3 0 17l-99 99c-7.6 7.6-20.5 2.2-20.5-8.5v-67H140c-6.6 0-12-5.4-12-12z\"><\/path><\/svg>\t\t\t\t\t\t<\/span>\n\t\t\t\t\t\t\t\t\t\t<span class=\"elementor-icon-list-text\">Call<\/span>\n\t\t\t\t\t\t\t\t\t\t\t<\/a>\n\t\t\t\t\t\t\t\t\t<\/li>\n\t\t\t\t\t\t<\/ul>\n\t\t\t\t\t\t<\/div>\n\t\t\t\t<div class=\"elementor-element elementor-element-665b2cd elementor-widget elementor-widget-image\" data-id=\"665b2cd\" data-element_type=\"widget\" data-e-type=\"widget\" data-widget_type=\"image.default\">\n\t\t\t\t\t\t\t\t\t\t\t\t\t\t\t\t<a href=\"https:\/\/ev-fireblanket.com\/en\/\">\n\t\t\t\t\t\t\t<img decoding=\"async\" width=\"305\" height=\"84\" src=\"https:\/\/ev-fireblanket.com\/wp-content\/uploads\/2026\/02\/ev-fireblanket-logo-290x80.png\" class=\"attachment-large size-large wp-image-40\" alt=\"\" srcset=\"https:\/\/ev-fireblanket.com\/wp-content\/uploads\/2026\/02\/ev-fireblanket-logo.png 305w, https:\/\/ev-fireblanket.com\/wp-content\/uploads\/2026\/02\/ev-fireblanket-logo-300x83.png 300w, https:\/\/ev-fireblanket.com\/wp-content\/uploads\/2026\/02\/ev-fireblanket-logo-290x80.png 290w\" sizes=\"(max-width: 305px) 100vw, 305px\" \/>\t\t\t\t\t\t\t\t<\/a>\n\t\t\t\t\t\t\t\t\t\t\t\t\t\t\t<\/div>\n\t\t\t\t<\/div>\n\t\t<div class=\"elementor-element elementor-element-1d8204b e-con-full e-flex e-con e-child\" data-id=\"1d8204b\" data-element_type=\"container\" data-e-type=\"container\">\n\t\t\t\t<div class=\"elementor-element elementor-element-68a76d5 elementor-widget elementor-widget-google_maps\" data-id=\"68a76d5\" data-element_type=\"widget\" data-e-type=\"widget\" data-widget_type=\"google_maps.default\">\n\t\t\t\t\t\t\t<div class=\"elementor-custom-embed\">\n\t\t\t<iframe loading=\"lazy\"\n\t\t\t\t\tsrc=\"https:\/\/maps.google.com\/maps?q=izoval&#038;t=m&#038;z=17&#038;output=embed&#038;iwloc=near\"\n\t\t\t\t\ttitle=\"izoval\"\n\t\t\t\t\taria-label=\"izoval\"\n\t\t\t><\/iframe>\n\t\t<\/div>\n\t\t\t\t\t\t<\/div>\n\t\t\t\t<div class=\"elementor-element elementor-element-21fb73d elementor-align-center elementor-widget elementor-widget-button\" data-id=\"21fb73d\" data-element_type=\"widget\" data-e-type=\"widget\" data-widget_type=\"button.default\">\n\t\t\t\t\t\t\t\t\t\t<a class=\"elementor-button elementor-button-link elementor-size-sm\" href=\"https:\/\/share.google\/GG33ecl1yMB1F8Sva\">\n\t\t\t\t\t\t<span class=\"elementor-button-content-wrapper\">\n\t\t\t\t\t\t\t\t\t<span class=\"elementor-button-text\">Konum<\/span>\n\t\t\t\t\t<\/span>\n\t\t\t\t\t<\/a>\n\t\t\t\t\t\t\t\t<\/div>\n\t\t\t\t<\/div>\n\t\t<div class=\"elementor-element elementor-element-360aeb0 e-con-full e-flex e-con e-child\" data-id=\"360aeb0\" data-element_type=\"container\" data-e-type=\"container\">\n\t\t\t\t<div class=\"elementor-element elementor-element-c596b3e elementor-widget__width-initial elementor-widget elementor-widget-heading\" data-id=\"c596b3e\" data-element_type=\"widget\" data-e-type=\"widget\" data-widget_type=\"heading.default\">\n\t\t\t\t\t<h2 class=\"elementor-heading-title elementor-size-default\">Contact Us<\/h2>\t\t\t\t<\/div>\n\t\t\t\t<div class=\"elementor-element elementor-element-47dd119 elementor-align-start elementor-widget__width-initial elementor-icon-list--layout-traditional elementor-list-item-link-full_width elementor-widget elementor-widget-icon-list\" data-id=\"47dd119\" data-element_type=\"widget\" data-e-type=\"widget\" data-widget_type=\"icon-list.default\">\n\t\t\t\t\t\t\t<ul class=\"elementor-icon-list-items\">\n\t\t\t\t\t\t\t<li class=\"elementor-icon-list-item\">\n\t\t\t\t\t\t\t\t\t\t\t<a href=\"tel:+905306714824\">\n\n\t\t\t\t\t\t\t\t\t\t\t\t<span class=\"elementor-icon-list-icon\">\n\t\t\t\t\t\t\t<svg aria-hidden=\"true\" class=\"e-font-icon-svg e-fas-phone-alt\" viewbox=\"0 0 512 512\" xmlns=\"http:\/\/www.w3.org\/2000\/svg\"><path d=\"M497.39 361.8l-112-48a24 24 0 0 0-28 6.9l-49.6 60.6A370.66 370.66 0 0 1 130.6 204.11l60.6-49.6a23.94 23.94 0 0 0 6.9-28l-48-112A24.16 24.16 0 0 0 122.6.61l-104 24A24 24 0 0 0 0 48c0 256.5 207.9 464 464 464a24 24 0 0 0 23.4-18.6l24-104a24.29 24.29 0 0 0-14.01-27.6z\"><\/path><\/svg>\t\t\t\t\t\t<\/span>\n\t\t\t\t\t\t\t\t\t\t<span class=\"elementor-icon-list-text\">+90 (530) 671 48 24<\/span>\n\t\t\t\t\t\t\t\t\t\t\t<\/a>\n\t\t\t\t\t\t\t\t\t<\/li>\n\t\t\t\t\t\t\t\t<li class=\"elementor-icon-list-item\">\n\t\t\t\t\t\t\t\t\t\t\t<a href=\"mailto:info@izoval.com.tr\">\n\n\t\t\t\t\t\t\t\t\t\t\t\t<span class=\"elementor-icon-list-icon\">\n\t\t\t\t\t\t\t<svg aria-hidden=\"true\" class=\"e-font-icon-svg e-fas-mail-bulk\" viewbox=\"0 0 576 512\" xmlns=\"http:\/\/www.w3.org\/2000\/svg\"><path d=\"M160 448c-25.6 0-51.2-22.4-64-32-64-44.8-83.2-60.8-96-70.4V480c0 17.67 14.33 32 32 32h256c17.67 0 32-14.33 32-32V345.6c-12.8 9.6-32 25.6-96 70.4-12.8 9.6-38.4 32-64 32zm128-192H32c-17.67 0-32 14.33-32 32v16c25.6 19.2 22.4 19.2 115.2 86.4 9.6 6.4 28.8 25.6 44.8 25.6s35.2-19.2 44.8-22.4c92.8-67.2 89.6-67.2 115.2-86.4V288c0-17.67-14.33-32-32-32zm256-96H224c-17.67 0-32 14.33-32 32v32h96c33.21 0 60.59 25.42 63.71 57.82l.29-.22V416h192c17.67 0 32-14.33 32-32V192c0-17.67-14.33-32-32-32zm-32 128h-64v-64h64v64zm-352-96c0-35.29 28.71-64 64-64h224V32c0-17.67-14.33-32-32-32H96C78.33 0 64 14.33 64 32v192h96v-32z\"><\/path><\/svg>\t\t\t\t\t\t<\/span>\n\t\t\t\t\t\t\t\t\t\t<span class=\"elementor-icon-list-text\">info@izoval.com.tr<\/span>\n\t\t\t\t\t\t\t\t\t\t\t<\/a>\n\t\t\t\t\t\t\t\t\t<\/li>\n\t\t\t\t\t\t\t\t<li class=\"elementor-icon-list-item\">\n\t\t\t\t\t\t\t\t\t\t\t<span class=\"elementor-icon-list-icon\">\n\t\t\t\t\t\t\t<svg aria-hidden=\"true\" class=\"e-font-icon-svg e-fas-map-marked\" viewbox=\"0 0 576 512\" xmlns=\"http:\/\/www.w3.org\/2000\/svg\"><path d=\"M288 0c-69.59 0-126 56.41-126 126 0 56.26 82.35 158.8 113.9 196.02 6.39 7.54 17.82 7.54 24.2 0C331.65 284.8 414 182.26 414 126 414 56.41 357.59 0 288 0zM20.12 215.95A32.006 32.006 0 0 0 0 245.66v250.32c0 11.32 11.43 19.06 21.94 14.86L160 448V214.92c-8.84-15.98-16.07-31.54-21.25-46.42L20.12 215.95zM288 359.67c-14.07 0-27.38-6.18-36.51-16.96-19.66-23.2-40.57-49.62-59.49-76.72v182l192 64V266c-18.92 27.09-39.82 53.52-59.49 76.72-9.13 10.77-22.44 16.95-36.51 16.95zm266.06-198.51L416 224v288l139.88-55.95A31.996 31.996 0 0 0 576 426.34V176.02c0-11.32-11.43-19.06-21.94-14.86z\"><\/path><\/svg>\t\t\t\t\t\t<\/span>\n\t\t\t\t\t\t\t\t\t\t<span class=\"elementor-icon-list-text\">Ahievran Mah. \u00c7atalca Cad.          No: 31AN Sincan\/ANKARA\/T\u00dcRK\u0130YE<\/span>\n\t\t\t\t\t\t\t\t\t<\/li>\n\t\t\t\t\t\t<\/ul>\n\t\t\t\t\t\t<\/div>\n\t\t\t\t<\/div>\n\t\t\t\t<\/div>\n\t\t\t\t<\/div>\n\t\t\t\t\t<\/div>\n\t\t\t\t<\/div>\n\t\t\t\t<\/div>","protected":false},"excerpt":{"rendered":"<p>Ara\u00e7 Yang\u0131n Battaniyesi Lityum-iyon batarya yang\u0131nlar\u0131n\u0131 saniyeler i\u00e7inde hapseder, alevin \u00e7evreye s\u0131\u00e7ramas\u0131n\u0131 ve zehirli gaz sal\u0131n\u0131m\u0131n\u0131 engelleyen y\u00fcksek \u0131s\u0131 dayan\u0131ml\u0131 [&hellip;]<\/p>\n","protected":false},"author":1,"featured_media":0,"parent":0,"menu_order":0,"comment_status":"closed","ping_status":"closed","template":"","meta":{"site-sidebar-layout":"no-sidebar","site-content-layout":"","ast-site-content-layout":"full-width-container","site-content-style":"default","site-sidebar-style":"default","ast-global-header-display":"","ast-banner-title-visibility":"","ast-main-header-display":"","ast-hfb-above-header-display":"","ast-hfb-below-header-display":"","ast-hfb-mobile-header-display":"","site-post-title":"disabled","ast-breadcrumbs-content":"","ast-featured-img":"disabled","footer-sml-layout":"","ast-disable-related-posts":"","theme-transparent-header-meta":"","adv-header-id-meta":"","stick-header-meta":"","header-above-stick-meta":"","header-main-stick-meta":"","header-below-stick-meta":"","astra-migrate-meta-layouts":"default","ast-page-background-enabled":"default","ast-page-background-meta":{"desktop":{"background-color":"var(--ast-global-color-5)","background-image":"","background-repeat":"repeat","background-position":"center center","background-size":"auto","background-attachment":"scroll","background-type":"","background-media":"","overlay-type":"","overlay-color":"","overlay-opacity":"","overlay-gradient":""},"tablet":{"background-color":"","background-image":"","background-repeat":"repeat","background-position":"center center","background-size":"auto","background-attachment":"scroll","background-type":"","background-media":"","overlay-type":"","overlay-color":"","overlay-opacity":"","overlay-gradient":""},"mobile":{"background-color":"","background-image":"","background-repeat":"repeat","background-position":"center center","background-size":"auto","background-attachment":"scroll","background-type":"","background-media":"","overlay-type":"","overlay-color":"","overlay-opacity":"","overlay-gradient":""}},"ast-content-background-meta":{"desktop":{"background-color":"var(--ast-global-color-4)","background-image":"","background-repeat":"repeat","background-position":"center center","background-size":"auto","background-attachment":"scroll","background-type":"","background-media":"","overlay-type":"","overlay-color":"","overlay-opacity":"","overlay-gradient":""},"tablet":{"background-color":"var(--ast-global-color-4)","background-image":"","background-repeat":"repeat","background-position":"center center","background-size":"auto","background-attachment":"scroll","background-type":"","background-media":"","overlay-type":"","overlay-color":"","overlay-opacity":"","overlay-gradient":""},"mobile":{"background-color":"var(--ast-global-color-4)","background-image":"","background-repeat":"repeat","background-position":"center center","background-size":"auto","background-attachment":"scroll","background-type":"","background-media":"","overlay-type":"","overlay-color":"","overlay-opacity":"","overlay-gradient":""}},"footnotes":""},"class_list":["post-29","page","type-page","status-publish","hentry"],"_links":{"self":[{"href":"https:\/\/ev-fireblanket.com\/en\/wp-json\/wp\/v2\/pages\/29","targetHints":{"allow":["GET"]}}],"collection":[{"href":"https:\/\/ev-fireblanket.com\/en\/wp-json\/wp\/v2\/pages"}],"about":[{"href":"https:\/\/ev-fireblanket.com\/en\/wp-json\/wp\/v2\/types\/page"}],"author":[{"embeddable":true,"href":"https:\/\/ev-fireblanket.com\/en\/wp-json\/wp\/v2\/users\/1"}],"replies":[{"embeddable":true,"href":"https:\/\/ev-fireblanket.com\/en\/wp-json\/wp\/v2\/comments?post=29"}],"version-history":[{"count":13,"href":"https:\/\/ev-fireblanket.com\/en\/wp-json\/wp\/v2\/pages\/29\/revisions"}],"predecessor-version":[{"id":207,"href":"https:\/\/ev-fireblanket.com\/en\/wp-json\/wp\/v2\/pages\/29\/revisions\/207"}],"wp:attachment":[{"href":"https:\/\/ev-fireblanket.com\/en\/wp-json\/wp\/v2\/media?parent=29"}],"curies":[{"name":"wp","href":"https:\/\/api.w.org\/{rel}","templated":true}]}}